{"id":96,"date":"2023-03-30T23:13:49","date_gmt":"2023-03-30T21:13:49","guid":{"rendered":"https:\/\/gerull.law\/?page_id=96"},"modified":"2024-06-03T11:58:46","modified_gmt":"2024-06-03T09:58:46","slug":"impressum","status":"publish","type":"page","link":"https:\/\/gerull.law\/en\/impressum\/","title":{"rendered":"Impressum"},"content":{"rendered":"","protected":false},"excerpt":{"rendered":"","protected":false},"author":1,"featured_media":0,"parent":0,"menu_order":0,"comment_status":"closed","ping_status":"closed","template":"","meta":{"_acf_changed":false,"footnotes":""},"class_list":["post-96","page","type-page","status-publish","hentry"],"translation":{"provider":"WPGlobus","version":"3.0.0","language":"en","enabled_languages":["de","en","pl","uk","ru"],"languages":{"de":{"title":true,"content":false,"excerpt":false},"en":{"title":false,"content":false,"excerpt":false},"pl":{"title":false,"content":false,"excerpt":false},"uk":{"title":false,"content":false,"excerpt":false},"ru":{"title":false,"content":false,"excerpt":false}}},"acf":[],"yoast_head":"<!-- This site is optimized with the Yoast SEO plugin v25.5 - https:\/\/yoast.com\/wordpress\/plugins\/seo\/ -->\n<title>Impressum | gerull.law<\/title>\n<meta name=\"robots\" content=\"index, follow, max-snippet:-1, max-image-preview:large, max-video-preview:-1\" \/>\n<link rel=\"canonical\" href=\"https:\/\/gerull.law\/impressum\/\" \/>\n<meta property=\"og:locale\" content=\"en_US\" \/>\n<meta property=\"og:type\" content=\"article\" \/>\n<meta property=\"og:title\" content=\"Impressum | gerull.law\" \/>\n<meta property=\"og:url\" content=\"https:\/\/gerull.law\/impressum\/\" \/>\n<meta property=\"og:site_name\" content=\"gerull.law\" \/>\n<meta property=\"article:modified_time\" content=\"2024-06-03T09:58:46+00:00\" \/>\n<meta property=\"og:image\" content=\"https:\/\/gerull.law\/wp-content\/uploads\/gerull_law_hero.jpg\" \/>\n\t<meta property=\"og:image:width\" content=\"1559\" \/>\n\t<meta property=\"og:image:height\" content=\"1080\" \/>\n\t<meta property=\"og:image:type\" content=\"image\/jpeg\" \/>\n<meta name=\"twitter:card\" content=\"summary_large_image\" \/>\n<script type=\"application\/ld+json\" class=\"yoast-schema-graph\">{\"@context\":\"https:\/\/schema.org\",\"@graph\":[{\"@type\":\"WebPage\",\"@id\":\"https:\/\/gerull.law\/impressum\/\",\"url\":\"https:\/\/gerull.law\/impressum\/\",\"name\":\"Impressum | gerull.law\",\"isPartOf\":{\"@id\":\"https:\/\/gerull.law\/#website\"},\"datePublished\":\"2023-03-30T21:13:49+00:00\",\"dateModified\":\"2024-06-03T09:58:46+00:00\",\"breadcrumb\":{\"@id\":\"https:\/\/gerull.law\/impressum\/#breadcrumb\"},\"inLanguage\":\"en-US\",\"potentialAction\":[{\"@type\":\"ReadAction\",\"target\":[\"https:\/\/gerull.law\/impressum\/\"]}]},{\"@type\":\"BreadcrumbList\",\"@id\":\"https:\/\/gerull.law\/impressum\/#breadcrumb\",\"itemListElement\":[{\"@type\":\"ListItem\",\"position\":1,\"name\":\"Startseite\",\"item\":\"https:\/\/gerull.law\/\"},{\"@type\":\"ListItem\",\"position\":2,\"name\":\"Impressum\"}]},{\"@type\":\"WebSite\",\"@id\":\"https:\/\/gerull.law\/#website\",\"url\":\"https:\/\/gerull.law\/\",\"name\":\"gerull.law\",\"description\":\"Denise Gerull - Criminal Defence Lawyer\",\"publisher\":{\"@id\":\"https:\/\/gerull.law\/#organization\"},\"potentialAction\":[{\"@type\":\"SearchAction\",\"target\":{\"@type\":\"EntryPoint\",\"urlTemplate\":\"https:\/\/gerull.law\/?s={search_term_string}\"},\"query-input\":{\"@type\":\"PropertyValueSpecification\",\"valueRequired\":true,\"valueName\":\"search_term_string\"}}],\"inLanguage\":\"en-US\"},{\"@type\":\"Organization\",\"@id\":\"https:\/\/gerull.law\/#organization\",\"name\":\"gerull.law - Denise Gerull - Fachanw\u00e4ltin f\u00fcr Strafrecht\",\"alternateName\":\"{:de}Denise Gerull - Fachanw\u00e4ltin f\u00fcr Strafrecht{:}{:en}Denise Gerull - Criminal Defence Lawyer{:}{:pl}Denise Gerull - Adwokat specjalizuj\u0105cy si\u0119 w prawie karnym{:}{:uk}\u0434\u0435\u043d\u0456\u0437 \u0433\u0435\u0440\u0443\u043b\u043b\u044c - \u0410\u0434\u0432\u043e\u043a\u0430\u0442 \u0443 \u043a\u0440\u0438\u043c\u0456\u043d\u0430\u043b\u044c\u043d\u0438\u0445 \u0441\u043f\u0440\u0430\u0432\u0430\u0445{:}{:ru}\u0434\u0435\u043d\u0438\u0437 \u0433\u0435\u0440\u0443\u043b\u043b\u044c - \u0410\u0434\u0432\u043e\u043a\u0430\u0442 \u043f\u043e \u0443\u0433\u043e\u043b\u043e\u0432\u043d\u044b\u043c \u0434\u0435\u043b\u0430\u043c{:}\",\"url\":\"https:\/\/gerull.law\/\",\"logo\":{\"@type\":\"ImageObject\",\"inLanguage\":\"en-US\",\"@id\":\"https:\/\/gerull.law\/#\/schema\/logo\/image\/\",\"url\":\"https:\/\/gerull.law\/wp-content\/uploads\/gerull_law_logo_800px.png\",\"contentUrl\":\"https:\/\/gerull.law\/wp-content\/uploads\/gerull_law_logo_800px.png\",\"width\":800,\"height\":187,\"caption\":\"gerull.law - Denise Gerull - Fachanw\u00e4ltin f\u00fcr Strafrecht\"},\"image\":{\"@id\":\"https:\/\/gerull.law\/#\/schema\/logo\/image\/\"}}]}<\/script>\n<!-- \/ Yoast SEO plugin. -->","yoast_head_json":{"title":"Impressum | gerull.law","robots":{"index":"index","follow":"follow","max-snippet":"max-snippet:-1","max-image-preview":"max-image-preview:large","max-video-preview":"max-video-preview:-1"},"canonical":"https:\/\/gerull.law\/impressum\/","og_locale":"en_US","og_type":"article","og_title":"Impressum | gerull.law","og_url":"https:\/\/gerull.law\/impressum\/","og_site_name":"gerull.law","article_modified_time":"2024-06-03T09:58:46+00:00","og_image":[{"width":1559,"height":1080,"url":"https:\/\/gerull.law\/wp-content\/uploads\/gerull_law_hero.jpg","type":"image\/jpeg"}],"twitter_card":"summary_large_image","schema":{"@context":"https:\/\/schema.org","@graph":[{"@type":"WebPage","@id":"https:\/\/gerull.law\/impressum\/","url":"https:\/\/gerull.law\/impressum\/","name":"Impressum | gerull.law","isPartOf":{"@id":"https:\/\/gerull.law\/#website"},"datePublished":"2023-03-30T21:13:49+00:00","dateModified":"2024-06-03T09:58:46+00:00","breadcrumb":{"@id":"https:\/\/gerull.law\/impressum\/#breadcrumb"},"inLanguage":"en-US","potentialAction":[{"@type":"ReadAction","target":["https:\/\/gerull.law\/impressum\/"]}]},{"@type":"BreadcrumbList","@id":"https:\/\/gerull.law\/impressum\/#breadcrumb","itemListElement":[{"@type":"ListItem","position":1,"name":"Startseite","item":"https:\/\/gerull.law\/"},{"@type":"ListItem","position":2,"name":"Impressum"}]},{"@type":"WebSite","@id":"https:\/\/gerull.law\/#website","url":"https:\/\/gerull.law\/","name":"gerull.law","description":"Denise Gerull - Criminal Defence Lawyer","publisher":{"@id":"https:\/\/gerull.law\/#organization"},"potentialAction":[{"@type":"SearchAction","target":{"@type":"EntryPoint","urlTemplate":"https:\/\/gerull.law\/?s={search_term_string}"},"query-input":{"@type":"PropertyValueSpecification","valueRequired":true,"valueName":"search_term_string"}}],"inLanguage":"en-US"},{"@type":"Organization","@id":"https:\/\/gerull.law\/#organization","name":"gerull.law - Denise Gerull - Fachanw\u00e4ltin f\u00fcr Strafrecht","alternateName":"{:de}Denise Gerull - Fachanw\u00e4ltin f\u00fcr Strafrecht{:}{:en}Denise Gerull - Criminal Defence Lawyer{:}{:pl}Denise Gerull - Adwokat specjalizuj\u0105cy si\u0119 w prawie karnym{:}{:uk}\u0434\u0435\u043d\u0456\u0437 \u0433\u0435\u0440\u0443\u043b\u043b\u044c - \u0410\u0434\u0432\u043e\u043a\u0430\u0442 \u0443 \u043a\u0440\u0438\u043c\u0456\u043d\u0430\u043b\u044c\u043d\u0438\u0445 \u0441\u043f\u0440\u0430\u0432\u0430\u0445{:}{:ru}\u0434\u0435\u043d\u0438\u0437 \u0433\u0435\u0440\u0443\u043b\u043b\u044c - \u0410\u0434\u0432\u043e\u043a\u0430\u0442 \u043f\u043e \u0443\u0433\u043e\u043b\u043e\u0432\u043d\u044b\u043c \u0434\u0435\u043b\u0430\u043c{:}","url":"https:\/\/gerull.law\/","logo":{"@type":"ImageObject","inLanguage":"en-US","@id":"https:\/\/gerull.law\/#\/schema\/logo\/image\/","url":"https:\/\/gerull.law\/wp-content\/uploads\/gerull_law_logo_800px.png","contentUrl":"https:\/\/gerull.law\/wp-content\/uploads\/gerull_law_logo_800px.png","width":800,"height":187,"caption":"gerull.law - Denise Gerull - Fachanw\u00e4ltin f\u00fcr Strafrecht"},"image":{"@id":"https:\/\/gerull.law\/#\/schema\/logo\/image\/"}}]}},"_links":{"self":[{"href":"https:\/\/gerull.law\/en\/wp-json\/wp\/v2\/pages\/96","targetHints":{"allow":["GET"]}}],"collection":[{"href":"https:\/\/gerull.law\/en\/wp-json\/wp\/v2\/pages"}],"about":[{"href":"https:\/\/gerull.law\/en\/wp-json\/wp\/v2\/types\/page"}],"author":[{"embeddable":true,"href":"https:\/\/gerull.law\/en\/wp-json\/wp\/v2\/users\/1"}],"replies":[{"embeddable":true,"href":"https:\/\/gerull.law\/en\/wp-json\/wp\/v2\/comments?post=96"}],"version-history":[{"count":10,"href":"https:\/\/gerull.law\/en\/wp-json\/wp\/v2\/pages\/96\/revisions"}],"predecessor-version":[{"id":235,"href":"https:\/\/gerull.law\/en\/wp-json\/wp\/v2\/pages\/96\/revisions\/235"}],"wp:attachment":[{"href":"https:\/\/gerull.law\/en\/wp-json\/wp\/v2\/media?parent=96"}],"curies":[{"name":"wp","href":"https:\/\/api.w.org\/{rel}","templated":true}]}}